{"id":150,"date":"2016-06-01T15:06:51","date_gmt":"2016-06-01T14:06:51","guid":{"rendered":"http:\/\/www.briscous.fr\/?page_id=150"},"modified":"2016-09-14T13:22:23","modified_gmt":"2016-09-14T12:22:23","slug":"menus-de-cantine","status":"publish","type":"page","link":"https:\/\/www.briscous.fr\/eu\/au-quotidien\/menus-de-cantine","title":{"rendered":"Menus de la cantine"},"content":{"rendered":"<p class=\"qtranxs-available-languages-message qtranxs-available-languages-message-eu\">D\u00e9sol\u00e9, cet article est seulement disponible en <a href=\"https:\/\/www.briscous.fr\/fr\/wp-json\/wp\/v2\/pages\/150\" class=\"qtranxs-available-language-link qtranxs-available-language-link-fr\" title=\"Fran\u00e7ais\">Fran\u00e7ais<\/a>.<\/p><p>Cette page se g\u00e9n\u00e8re dynamiquement avec le module &#8220;Menus de la cantine&#8221; pr\u00e9sent dans le bandeau de gauche.<\/p>\n<p>\/!\\ NE PAS SUPPRIMER<\/p>","protected":false},"excerpt":{"rendered":"<p>D\u00e9sol\u00e9, cet article est seulement disponible en Fran\u00e7ais.Cette page se g\u00e9n\u00e8re dynamiquement avec le module &#8220;Menus de la cantine&#8221; pr\u00e9sent dans le bandeau de gauche. \/!\\ NE PAS SUPPRIMER<\/p>\n","protected":false},"author":1,"featured_media":0,"parent":130,"menu_order":1,"comment_status":"closed","ping_status":"closed","template":"page-cantine.php","meta":{"_acf_changed":false,"_seopress_robots_primary_cat":"","_seopress_titles_title":"","_seopress_titles_desc":"","_seopress_robots_index":"","footnotes":""},"class_list":["post-150","page","type-page","status-publish","hentry"],"acf":[],"_links":{"self":[{"href":"https:\/\/www.briscous.fr\/eu\/wp-json\/wp\/v2\/pages\/150","targetHints":{"allow":["GET"]}}],"collection":[{"href":"https:\/\/www.briscous.fr\/eu\/wp-json\/wp\/v2\/pages"}],"about":[{"href":"https:\/\/www.briscous.fr\/eu\/wp-json\/wp\/v2\/types\/page"}],"author":[{"embeddable":true,"href":"https:\/\/www.briscous.fr\/eu\/wp-json\/wp\/v2\/users\/1"}],"replies":[{"embeddable":true,"href":"https:\/\/www.briscous.fr\/eu\/wp-json\/wp\/v2\/comments?post=150"}],"version-history":[{"count":5,"href":"https:\/\/www.briscous.fr\/eu\/wp-json\/wp\/v2\/pages\/150\/revisions"}],"predecessor-version":[{"id":2121,"href":"https:\/\/www.briscous.fr\/eu\/wp-json\/wp\/v2\/pages\/150\/revisions\/2121"}],"up":[{"embeddable":true,"href":"https:\/\/www.briscous.fr\/eu\/wp-json\/wp\/v2\/pages\/130"}],"wp:attachment":[{"href":"https:\/\/www.briscous.fr\/eu\/wp-json\/wp\/v2\/media?parent=150"}],"curies":[{"name":"wp","href":"https:\/\/api.w.org\/{rel}","templated":true}]}}