{"id":2343,"date":"2016-10-14T08:35:51","date_gmt":"2016-10-14T07:35:51","guid":{"rendered":"http:\/\/www.briscous.fr\/?page_id=2343"},"modified":"2025-01-28T10:32:32","modified_gmt":"2025-01-28T08:32:32","slug":"conseil-dadministration-ccas-2","status":"publish","type":"page","link":"https:\/\/www.briscous.fr\/eu\/au-quotidien\/le-centre-communal-daction-sociale-ccas\/conseil-dadministration-ccas-2","title":{"rendered":"Conseil d&#8217;administration du CCAS"},"content":{"rendered":"<p class=\"qtranxs-available-languages-message qtranxs-available-languages-message-eu\">D\u00e9sol\u00e9, cet article est seulement disponible en <a href=\"https:\/\/www.briscous.fr\/fr\/wp-json\/wp\/v2\/pages\/2343\" class=\"qtranxs-available-language-link qtranxs-available-language-link-fr\" title=\"Fran\u00e7ais\">Fran\u00e7ais<\/a>.<\/p><p><\/p>\n<p><strong>La composition du conseil d\u2019administration est fix\u00e9e par l\u2019article L 123-6 du Code de l\u2019Action Sociale et des Familles (C.A.S.F.)<\/strong>.<\/p>\n<p>Le nombre de membres est fix\u00e9 par d\u00e9lib\u00e9ration du Conseil Municipal. Il est de 10 pour le C.C.A.S. de Briscous, plus Monsieur le Maire Pr\u00e9sident.<\/p>\n<p><strong>Les si\u00e8ges sont divis\u00e9s en deux parts \u00e9gales :<\/strong><\/p>\n<ul>\n<li>5 conseillers municipaux : Patricia LARRONDE &#8211; St\u00e9phanie SIBERCHICOT &#8211; Marie DASS\u00c9 &#8211; Jorge RAMIREZ &#8211; V\u00e9ronique SANCHEZ.<\/li>\n<li>5 membres nomm\u00e9s par Monsieur le Maire, repr\u00e9sentants d\u2019associations : Annie LAGRENADE \u2013 Jos\u00e9phine HILLON \u2013 Isabelle LABBAT \u2013 Annie LARROUTURE \u2013 Bernadette SUHAS.\u00a0<\/li>\n<\/ul>\n<p>Monsieur le Maire est de droit pr\u00e9sident du conseil d\u2019administration. Toutefois, il a donn\u00e9 d\u00e9l\u00e9gation, dans le domaine des finances \u00e0 Mme Patricia LARRONDE, vice-pr\u00e9sidente, conform\u00e9ment \u00e0 l\u2019article L123-6 du Code de l\u2019Action Sociale et des Familles ET Mr Jorge RAMIREZ, vice-pr\u00e9sident d\u00e9l\u00e9gu\u00e9, conform\u00e9ment \u00e0 l\u2019article L123-6 du code de l&#8217;Action Sociale et des Familles.<\/p>\n<p><\/p>","protected":false},"excerpt":{"rendered":"<p>D\u00e9sol\u00e9, cet article est seulement disponible en Fran\u00e7ais. La composition du conseil d\u2019administration est fix\u00e9e par l\u2019article L 123-6 du Code de l\u2019Action Sociale et des Familles (C.A.S.F.). Le nombre &hellip;<\/p>\n","protected":false},"author":2,"featured_media":0,"parent":588,"menu_order":0,"comment_status":"closed","ping_status":"closed","template":"","meta":{"_acf_changed":false,"_seopress_robots_primary_cat":"","_seopress_titles_title":"","_seopress_titles_desc":"","_seopress_robots_index":"","footnotes":""},"class_list":["post-2343","page","type-page","status-publish","hentry"],"acf":[],"_links":{"self":[{"href":"https:\/\/www.briscous.fr\/eu\/wp-json\/wp\/v2\/pages\/2343","targetHints":{"allow":["GET"]}}],"collection":[{"href":"https:\/\/www.briscous.fr\/eu\/wp-json\/wp\/v2\/pages"}],"about":[{"href":"https:\/\/www.briscous.fr\/eu\/wp-json\/wp\/v2\/types\/page"}],"author":[{"embeddable":true,"href":"https:\/\/www.briscous.fr\/eu\/wp-json\/wp\/v2\/users\/2"}],"replies":[{"embeddable":true,"href":"https:\/\/www.briscous.fr\/eu\/wp-json\/wp\/v2\/comments?post=2343"}],"version-history":[{"count":7,"href":"https:\/\/www.briscous.fr\/eu\/wp-json\/wp\/v2\/pages\/2343\/revisions"}],"predecessor-version":[{"id":28234,"href":"https:\/\/www.briscous.fr\/eu\/wp-json\/wp\/v2\/pages\/2343\/revisions\/28234"}],"up":[{"embeddable":true,"href":"https:\/\/www.briscous.fr\/eu\/wp-json\/wp\/v2\/pages\/588"}],"wp:attachment":[{"href":"https:\/\/www.briscous.fr\/eu\/wp-json\/wp\/v2\/media?parent=2343"}],"curies":[{"name":"wp","href":"https:\/\/api.w.org\/{rel}","templated":true}]}}