{"id":27330,"date":"2024-10-28T14:20:28","date_gmt":"2024-10-28T12:20:28","guid":{"rendered":"https:\/\/www.briscous.fr\/?page_id=27330"},"modified":"2026-02-23T16:22:42","modified_gmt":"2026-02-23T14:22:42","slug":"planning-annuel-des-manifestations-sur-la-commune","status":"publish","type":"page","link":"https:\/\/www.briscous.fr\/eu\/au-quotidien\/planning-annuel-des-manifestations-sur-la-commune","title":{"rendered":"Planning annuel des manifestations sur la commune"},"content":{"rendered":"<p class=\"qtranxs-available-languages-message qtranxs-available-languages-message-eu\">D\u00e9sol\u00e9, cet article est seulement disponible en <a href=\"https:\/\/www.briscous.fr\/fr\/wp-json\/wp\/v2\/pages\/27330\" class=\"qtranxs-available-language-link qtranxs-available-language-link-fr\" title=\"Fran\u00e7ais\">Fran\u00e7ais<\/a>.<\/p><p><\/p>\n<p><a href=\"https:\/\/www.briscous.fr\/wp-content\/uploads\/2026\/02\/planning-general-2026-4.pdf\" target=\"_blank\" rel=\"noopener\">PLANNING GENERAL 2026<\/a><\/p>\n<p><a href=\"https:\/\/www.briscous.fr\/wp-content\/uploads\/2026\/02\/2026-02-23_15h20_40.png\"><img loading=\"lazy\" decoding=\"async\" class=\"aligncenter size-full wp-image-37373\" src=\"https:\/\/www.briscous.fr\/wp-content\/uploads\/2026\/02\/2026-02-23_15h20_40.png\" alt=\"\" width=\"1030\" height=\"843\" srcset=\"https:\/\/www.briscous.fr\/wp-content\/uploads\/2026\/02\/2026-02-23_15h20_40.png 1030w, https:\/\/www.briscous.fr\/wp-content\/uploads\/2026\/02\/2026-02-23_15h20_40-600x491.png 600w, https:\/\/www.briscous.fr\/wp-content\/uploads\/2026\/02\/2026-02-23_15h20_40-200x164.png 200w\" sizes=\"auto, (max-width: 1030px) 100vw, 1030px\" \/><\/a><\/p>\n<p>&nbsp;<\/p>\n<p>&nbsp;<\/p>\n<p>&nbsp;<\/p>\n<p>&nbsp;<\/p>\n<p>&nbsp;<\/p>\n<p>&nbsp;<\/p>\n<p>&nbsp;<\/p>\n<p>&nbsp;<\/p>\n<p>&nbsp;<\/p>\n<p>&nbsp;<\/p>\n<p><\/p>","protected":false},"excerpt":{"rendered":"<p>D\u00e9sol\u00e9, cet article est seulement disponible en Fran\u00e7ais. PLANNING GENERAL 2026 &nbsp; &nbsp; &nbsp; &nbsp; &nbsp; &nbsp; &nbsp; &nbsp; &nbsp; &nbsp;<\/p>\n","protected":false},"author":2,"featured_media":0,"parent":130,"menu_order":0,"comment_status":"closed","ping_status":"closed","template":"","meta":{"_acf_changed":false,"_seopress_robots_primary_cat":"","_seopress_titles_title":"","_seopress_titles_desc":"","_seopress_robots_index":"","footnotes":""},"class_list":["post-27330","page","type-page","status-publish","hentry"],"acf":[],"_links":{"self":[{"href":"https:\/\/www.briscous.fr\/eu\/wp-json\/wp\/v2\/pages\/27330","targetHints":{"allow":["GET"]}}],"collection":[{"href":"https:\/\/www.briscous.fr\/eu\/wp-json\/wp\/v2\/pages"}],"about":[{"href":"https:\/\/www.briscous.fr\/eu\/wp-json\/wp\/v2\/types\/page"}],"author":[{"embeddable":true,"href":"https:\/\/www.briscous.fr\/eu\/wp-json\/wp\/v2\/users\/2"}],"replies":[{"embeddable":true,"href":"https:\/\/www.briscous.fr\/eu\/wp-json\/wp\/v2\/comments?post=27330"}],"version-history":[{"count":43,"href":"https:\/\/www.briscous.fr\/eu\/wp-json\/wp\/v2\/pages\/27330\/revisions"}],"predecessor-version":[{"id":37374,"href":"https:\/\/www.briscous.fr\/eu\/wp-json\/wp\/v2\/pages\/27330\/revisions\/37374"}],"up":[{"embeddable":true,"href":"https:\/\/www.briscous.fr\/eu\/wp-json\/wp\/v2\/pages\/130"}],"wp:attachment":[{"href":"https:\/\/www.briscous.fr\/eu\/wp-json\/wp\/v2\/media?parent=27330"}],"curies":[{"name":"wp","href":"https:\/\/api.w.org\/{rel}","templated":true}]}}