{"id":28433,"date":"2025-02-25T16:20:19","date_gmt":"2025-02-25T14:20:19","guid":{"rendered":"https:\/\/www.briscous.fr\/?page_id=28433"},"modified":"2025-02-25T16:53:52","modified_gmt":"2025-02-25T14:53:52","slug":"tarif-fourriere","status":"publish","type":"page","link":"https:\/\/www.briscous.fr\/eu\/formalites-administratives\/tarif-fourriere","title":{"rendered":"Tarif fourri\u00e8re"},"content":{"rendered":"<p class=\"qtranxs-available-languages-message qtranxs-available-languages-message-eu\">D\u00e9sol\u00e9, cet article est seulement disponible en <a href=\"https:\/\/www.briscous.fr\/fr\/wp-json\/wp\/v2\/pages\/28433\" class=\"qtranxs-available-language-link qtranxs-available-language-link-fr\" title=\"Fran\u00e7ais\">Fran\u00e7ais<\/a>.<\/p><p><\/p>\n<p>\n<a href=\"https:\/\/www.briscous.fr\/wp-content\/uploads\/2025\/02\/tarif-fourriere-2025-1-of-1.png\"><img loading=\"lazy\" decoding=\"async\" class=\"aligncenter size-large wp-image-28443\" src=\"https:\/\/www.briscous.fr\/wp-content\/uploads\/2025\/02\/tarif-fourriere-2025-1-of-1-849x1200.png\" alt=\"\" width=\"849\" height=\"1200\" srcset=\"https:\/\/www.briscous.fr\/wp-content\/uploads\/2025\/02\/tarif-fourriere-2025-1-of-1-849x1200.png 849w, https:\/\/www.briscous.fr\/wp-content\/uploads\/2025\/02\/tarif-fourriere-2025-1-of-1-424x600.png 424w, https:\/\/www.briscous.fr\/wp-content\/uploads\/2025\/02\/tarif-fourriere-2025-1-of-1-141x200.png 141w, https:\/\/www.briscous.fr\/wp-content\/uploads\/2025\/02\/tarif-fourriere-2025-1-of-1-600x848.png 600w, https:\/\/www.briscous.fr\/wp-content\/uploads\/2025\/02\/tarif-fourriere-2025-1-of-1-1086x1536.png 1086w, https:\/\/www.briscous.fr\/wp-content\/uploads\/2025\/02\/tarif-fourriere-2025-1-of-1-1448x2048.png 1448w, https:\/\/www.briscous.fr\/wp-content\/uploads\/2025\/02\/tarif-fourriere-2025-1-of-1.png 1654w\" sizes=\"auto, (max-width: 849px) 100vw, 849px\" \/><\/a><\/p>\n<p><\/p>","protected":false},"excerpt":{"rendered":"<p>D\u00e9sol\u00e9, cet article est seulement disponible en Fran\u00e7ais.<\/p>\n","protected":false},"author":2,"featured_media":0,"parent":398,"menu_order":0,"comment_status":"closed","ping_status":"closed","template":"page-telechargements.php","meta":{"_acf_changed":false,"_seopress_robots_primary_cat":"","_seopress_titles_title":"","_seopress_titles_desc":"","_seopress_robots_index":"","footnotes":""},"class_list":["post-28433","page","type-page","status-publish","hentry"],"acf":[],"_links":{"self":[{"href":"https:\/\/www.briscous.fr\/eu\/wp-json\/wp\/v2\/pages\/28433","targetHints":{"allow":["GET"]}}],"collection":[{"href":"https:\/\/www.briscous.fr\/eu\/wp-json\/wp\/v2\/pages"}],"about":[{"href":"https:\/\/www.briscous.fr\/eu\/wp-json\/wp\/v2\/types\/page"}],"author":[{"embeddable":true,"href":"https:\/\/www.briscous.fr\/eu\/wp-json\/wp\/v2\/users\/2"}],"replies":[{"embeddable":true,"href":"https:\/\/www.briscous.fr\/eu\/wp-json\/wp\/v2\/comments?post=28433"}],"version-history":[{"count":4,"href":"https:\/\/www.briscous.fr\/eu\/wp-json\/wp\/v2\/pages\/28433\/revisions"}],"predecessor-version":[{"id":28445,"href":"https:\/\/www.briscous.fr\/eu\/wp-json\/wp\/v2\/pages\/28433\/revisions\/28445"}],"up":[{"embeddable":true,"href":"https:\/\/www.briscous.fr\/eu\/wp-json\/wp\/v2\/pages\/398"}],"wp:attachment":[{"href":"https:\/\/www.briscous.fr\/eu\/wp-json\/wp\/v2\/media?parent=28433"}],"curies":[{"name":"wp","href":"https:\/\/api.w.org\/{rel}","templated":true}]}}