{"id":537,"date":"2010-12-21T16:55:37","date_gmt":"2010-12-21T15:55:37","guid":{"rendered":"http:\/\/www.briscous.fr\/informations-pratiques"},"modified":"2018-09-29T08:58:17","modified_gmt":"2018-09-29T07:58:17","slug":"informations-pratiques","status":"publish","type":"page","link":"https:\/\/www.briscous.fr\/eu\/formalites-administratives\/informations-pratiques","title":{"rendered":"Les documents administratifs"},"content":{"rendered":"<p class=\"qtranxs-available-languages-message qtranxs-available-languages-message-eu\">D\u00e9sol\u00e9, cet article est seulement disponible en <a href=\"https:\/\/www.briscous.fr\/fr\/wp-json\/wp\/v2\/pages\/537\" class=\"qtranxs-available-language-link qtranxs-available-language-link-fr\" title=\"Fran\u00e7ais\">Fran\u00e7ais<\/a>.<\/p><p><\/p>\n<h2>Carte Nationale d&#8217;Identit\u00e9<\/h2>\n<p><strong>O\u00f9 ? Mairie d&#8217;Hasparren, Bidache, Bayonne<\/strong><\/p>\n<p><strong>Il faut :<\/strong><\/p>\n<p>Se pr\u00e9senter personnellement (ou accompagn\u00e9 des parents pour mineurs) avec<\/p>\n<ul>\n<li>2 photos r\u00e9centes nouvelles normes<\/li>\n<li>Carte d&#8217;identit\u00e9 p\u00e9rim\u00e9e (ou d\u00e9claration de perte ou de vol)<br \/>\nEn cas d&#8217;impossibilit\u00e9 de pr\u00e9sentation de l&#8217;ancienne carte, fournir timbre fiscal de 25 \u20ac.<\/li>\n<\/ul>\n<ul>\n<li>L&#8217;acte de naissance pour une premi\u00e8re demande ou si la carte d&#8217;identit\u00e9 est p\u00e9rim\u00e9e depuis plus de 2 ans.<\/li>\n<li>Justificatif de domicile \u00e0 son nom de moins de 6 mois choisi parmi les suivants :\n<ul>\n<li>Facture r\u00e9cente \u00e9lectricit\u00e9, gaz ou t\u00e9l\u00e9phone<\/li>\n<li>Certificat d&#8217;imposition ou non-imposition<\/li>\n<li>Quittance de loyer ou contrat location ou titre propri\u00e9t\u00e9.<\/li>\n<\/ul>\n<\/li>\n<\/ul>\n<div class=\"info\"><strong>Pi\u00e8ce compl\u00e9mentaire :<\/strong><br \/>\nJugement de divorce pour \u00e9tablissement d&#8217;une CI pour un mineur dont parents divorc\u00e9s.<\/div>\n<h2>Extrait de naissance<\/h2>\n<p><strong>O\u00f9 ? Mairie du lieu de naissance<\/strong><\/p>\n<p><strong>Il faut :<\/strong><\/p>\n<ul>\n<li>Indiquer la date de naissance, nom et pr\u00e9noms<\/li>\n<li>Nom du p\u00e8re et nom de jeune fille de la m\u00e8re<\/li>\n<li>Joindre une enveloppe timbr\u00e9e.<\/li>\n<\/ul>\n<h2>Extrait de naissance pour les personnes n\u00e9es \u00e0 l&#8217;\u00e9tranger<\/h2>\n<p><strong>O\u00f9 ? <\/strong><\/p>\n<ul>\n<li>Minist\u00e8re des Affaires \u00c9trang\u00e8res &#8211; Service Central de l&#8217;\u00c9tat-Civil<\/li>\n<li>11, rue la Maison Blanche &#8211; 44941 NANTES Cedex 09<\/li>\n<li>Minitel : 3615 SCEC<\/li>\n<li><a href=\"http:\/\/www.diplomatie.gouv.fr\/francais\/etatcivil\/demande.html\" target=\"_blank\" rel=\"noopener\">www.diplomatie.gouv.fr\/francais\/etatcivil\/demande.html<\/a><\/li>\n<\/ul>\n<p><strong>Il faut : <\/strong><\/p>\n<ul>\n<li>Demande \u00e9crite ou internet en pr\u00e9cisant la date et le lieu de naissance.<\/li>\n<li>Noms et pr\u00e9noms des parents.<\/li>\n<\/ul>\n<h2>Extrait de mariage<\/h2>\n<p><strong>O\u00f9 ? Mairie du lieu de mariage<\/strong><\/p>\n<p><strong>Il faut : <\/strong><\/p>\n<ul>\n<li>Indiquer la date du mariage, ainsi que le nom et les pr\u00e9noms<\/li>\n<li>Joindre une enveloppe timbr\u00e9e.<\/li>\n<\/ul>\n<h2>Extrait de mariage pour les personnes fran\u00e7aises mari\u00e9es \u00e0 l&#8217;\u00e9tranger<\/h2>\n<p><strong>O\u00f9 ? Nantes, ou Ambassade, ou Consulat de France dans les pays \u00e9trangers<\/strong><\/p>\n<p><strong>Il faut : <\/strong><\/p>\n<ul>\n<li>Indiquer la date du mariage, ainsi que le nom et les pr\u00e9noms.<\/li>\n<\/ul>\n<h2>Extrait d&#8217;acte de d\u00e9c\u00e8s<\/h2>\n<p><strong>O\u00f9 ? Mairie du lieu de d\u00e9c\u00e8s ou Mairie du dernier domicile<\/strong><\/p>\n<p><strong>Il faut : <\/strong><\/p>\n<ul>\n<li>Indiquer la date du d\u00e9c\u00e8s, ainsi que le nom et les pr\u00e9noms<\/li>\n<li>Joindre une enveloppe timbr\u00e9e.<\/li>\n<\/ul>\n<p>&nbsp;<\/p>\n<h2>Extrait d&#8217;acte de d\u00e9c\u00e8s pour les personnes fran\u00e7aises d\u00e9c\u00e9d\u00e9es \u00e0 l&#8217;\u00e9tranger<\/h2>\n<p><strong>O\u00f9 ? Commune de domicile en France ou NANTES \u00c9tat-Civil &#8211; 11, rue de la Maison Blanche &#8211; 44941 NANTES Cedex 09<\/strong><\/p>\n<p><strong>Il faut : <\/strong><\/p>\n<ul>\n<li>Indiquer la date du d\u00e9c\u00e8s ainsi que le nom et les pr\u00e9noms.<\/li>\n<\/ul>\n<h2>Inscription sur les listes \u00e9lectorales et carte d&#8217;\u00e9lecteur<\/h2>\n<p><strong>O\u00f9 ? Mairie du domicile, inscriptions toute l&#8217;ann\u00e9e jusqu&#8217;au 31\/12 pour les \u00e9lections de l&#8217;ann\u00e9e suivante<\/strong><\/p>\n<p><strong>Il faut : <\/strong><\/p>\n<ul>\n<li>Carte d&#8217;identit\u00e9<\/li>\n<li>Un justificatif de domicile (facture \u00e0 votre nom).<\/li>\n<\/ul>\n<h2>Autorisation de sortie du territoire pour mineurs (non n\u00e9cessaire si passeport)<\/h2>\n<p><strong>O\u00f9 ? Mairie du domicile (demande \u00e0 faire par le repr\u00e9sentant l\u00e9gal)<\/strong><\/p>\n<p><strong>Il faut : <\/strong><\/p>\n<ul>\n<li>Livret de Famille<\/li>\n<li>Carte Nationale d&#8217;Identit\u00e9 de l&#8217;enfant en cours de validit\u00e9<\/li>\n<li>Jugement de divorce s&#8217;il y a lieu<\/li>\n<li>Justificatif de domicile.<\/li>\n<\/ul>\n<h2>Livret de famille en cas de perte<\/h2>\n<p><strong>O\u00f9 ? Mairie du domicile<\/strong><\/p>\n<p><strong>Il faut : <\/strong><\/p>\n<ul>\n<li>Fournir l&#8217;\u00c9tat-civil des conjoints et des enfants.<\/li>\n<\/ul>\n<h2>Certificat de concubinage<\/h2>\n<p><strong>O\u00f9 ? Mairie<\/strong><\/p>\n<p><strong>Il faut : <\/strong><\/p>\n<ul>\n<li>Pr\u00e9sence indispensable des deux concubins<\/li>\n<li>Pi\u00e8ces d&#8217;identit\u00e9s et justificatifs de domicile.<\/li>\n<\/ul>\n<h2>Certificat de r\u00e9sidence<\/h2>\n<p><strong>O\u00f9 ? Mairie du lieu de r\u00e9sidence<\/strong><\/p>\n<p><strong>Il faut : <\/strong><\/p>\n<ul>\n<li>Factures \u00e0 votre nom<\/li>\n<li>Pi\u00e8ce d&#8217;identit\u00e9.<\/li>\n<\/ul>\n<h2>Parrainage civil<\/h2>\n<p><strong>O\u00f9 ? Mairie<\/strong><\/p>\n<p><strong>Il faut : <\/strong><\/p>\n<ul>\n<li>Livret de Famille<\/li>\n<li>Copie int\u00e9grale acte naissance enfant<\/li>\n<li>Copie Carte Nationale d&#8217;Identit\u00e9 des parrains et marraines<\/li>\n<li>Justificatifs de domicile.<\/li>\n<\/ul>\n<h2>Passeport<\/h2>\n<div class=\"info\"><strong>Dur\u00e9e de validit\u00e9 : 10 ans pour les majeurs, 5 ans pour les mineurs<\/strong><\/div>\n<p><strong>O\u00f9 ? Mairie \u00e9quip\u00e9e pour passeports biom\u00e9triques (les plus proches : BAYONNE et HASPARREN)<\/strong><\/p>\n<p><strong>Il faut : <\/strong><\/p>\n<ul>\n<li>2 photos r\u00e9centes nouvelles normes<\/li>\n<li>Ancien passeport (ou d\u00e9claration de perte ou de vol)<\/li>\n<li>Copie de l&#8217;acte de naissance (d\u00e9livr\u00e9e par la Mairie de naissance)<\/li>\n<li>Timbres fiscaux : voir en mairie<\/li>\n<li><span style=\"text-decoration: underline;\">Enfants<\/span> : pi\u00e8ces d&#8217;identit\u00e9 du repr\u00e9sentant l\u00e9gal de l&#8217;enfant<\/li>\n<li>Justificatif de domicile : un document \u00e0 son nom choisi parmi les suivants :\n<ul>\n<li>Facture r\u00e9cente \u00e9lectricit\u00e9, gaz ou t\u00e9l\u00e9phone<\/li>\n<li>Certificat d&#8217;imposition ou de non-imposition<\/li>\n<li>Quittance de loyer ou contrat de location ou titre de propri\u00e9t\u00e9.<\/li>\n<\/ul>\n<\/li>\n<\/ul>\n<h2>Permis de construire<\/h2>\n<p><strong>O\u00f9 ? Mairie<\/strong><\/p>\n<p><strong>Il faut : <\/strong><\/p>\n<ul>\n<li>Formulaire \u00e0 retirer au secr\u00e9tariat de la mairie (varie selon les travaux).<\/li>\n<\/ul>\n<h2>Certificat d&#8217;urbanisme<\/h2>\n<p><strong>O\u00f9 ? Mairie<\/strong><\/p>\n<p><strong>Il faut : <\/strong><\/p>\n<ul>\n<li>Formulaire \u00e0 retirer au secr\u00e9tariat de la mairie.<\/li>\n<\/ul>\n<h2>Casier judiciaire<\/h2>\n<p><strong>O\u00f9 ? <\/strong><\/p>\n<ul>\n<li>Casier Judiciaire National &#8211; 10 rue Landrau &#8211; 44317 NANTES Cedex 036<\/li>\n<li><a href=\"http:\/\/www.cjn.justice.gouv.fr\" target=\"_blank\" rel=\"noopener\">www.cjn.justice.gouv.fr<\/a><\/li>\n<\/ul>\n<p><strong>Il faut : <\/strong><\/p>\n<ul>\n<li>Photocopie certifi\u00e9e conforme de la Carte Nationale d&#8217;Identit\u00e9<\/li>\n<li>Joindre une enveloppe timbr\u00e9e (imprim\u00e9 de demande disponible en mairie).<\/li>\n<\/ul>\n<h2>Carte grise<\/h2>\n<p><strong>O\u00f9 ? Sous-pr\u00e9fecture de Bayonne &#8211; 2, av. des All\u00e9es Marines &#8211; 64100 BAYONNE<\/strong><\/p>\n<h2>Recensement militaire (Gar\u00e7ons et Filles)<\/h2>\n<p><strong>O\u00f9 ? Mairie<\/strong><\/p>\n<p><strong>Il faut : <\/strong><\/p>\n<ul>\n<li>Livret de famille des parents<\/li>\n<li>Carte d&#8217;identit\u00e9 du mineur.<\/li>\n<li>\u00c0 faire dans le 1er mois suivant les 16 ans.<\/li>\n<\/ul>\n<h2>Attestation d&#8217;accueil d&#8217;\u00e9trangers (pour obtenir visa)<\/h2>\n<p><strong>O\u00f9 ? Mairie<\/strong><\/p>\n<p><strong>Il faut : <\/strong><\/p>\n<ul>\n<li>Timbre fiscal\u00a030 \u20ac<\/li>\n<li>Imprim\u00e9 \u00e0 compl\u00e9ter sur place avec copie du passeport du futur r\u00e9sident<\/li>\n<li>Justification du domicile, contrat de location ou de propri\u00e9t\u00e9 et carte d&#8217;identit\u00e9 de l&#8217;accueillant.<\/li>\n<\/ul>\n<h2>Inscription aux transports scolaires<\/h2>\n<p><strong>O\u00f9 ? Mairie<\/strong><\/p>\n<p><strong>Il faut : <\/strong><\/p>\n<ul>\n<li><span style=\"text-decoration: underline;\">Communal<\/span> : Voir avec secr\u00e9tariat de mairie<\/li>\n<li><span style=\"text-decoration: underline;\">D\u00e9partemental<\/span> : Imprim\u00e9 \u00e0 t\u00e9l\u00e9charger sur internet et \u00e0 d\u00e9poser chez le transporteur avant mi juillet de chaque ann\u00e9e &#8211; <a href=\"http:\/\/www.transports.cg64.fr\" target=\"_blank\" rel=\"noopener\">www.transports.cg64.fr<\/a><\/li>\n<\/ul>\n<p><\/p>","protected":false},"excerpt":{"rendered":"<p>D\u00e9sol\u00e9, cet article est seulement disponible en Fran\u00e7ais. Carte Nationale d&#8217;Identit\u00e9 O\u00f9 ? Mairie d&#8217;Hasparren, Bidache, Bayonne Il faut : Se pr\u00e9senter personnellement (ou accompagn\u00e9 des parents pour mineurs) avec &hellip;<\/p>\n","protected":false},"author":1,"featured_media":0,"parent":398,"menu_order":4,"comment_status":"closed","ping_status":"closed","template":"","meta":{"_acf_changed":false,"_seopress_robots_primary_cat":"","_seopress_titles_title":"","_seopress_titles_desc":"","_seopress_robots_index":"","footnotes":""},"class_list":["post-537","page","type-page","status-publish","hentry"],"acf":[],"_links":{"self":[{"href":"https:\/\/www.briscous.fr\/eu\/wp-json\/wp\/v2\/pages\/537","targetHints":{"allow":["GET"]}}],"collection":[{"href":"https:\/\/www.briscous.fr\/eu\/wp-json\/wp\/v2\/pages"}],"about":[{"href":"https:\/\/www.briscous.fr\/eu\/wp-json\/wp\/v2\/types\/page"}],"author":[{"embeddable":true,"href":"https:\/\/www.briscous.fr\/eu\/wp-json\/wp\/v2\/users\/1"}],"replies":[{"embeddable":true,"href":"https:\/\/www.briscous.fr\/eu\/wp-json\/wp\/v2\/comments?post=537"}],"version-history":[{"count":4,"href":"https:\/\/www.briscous.fr\/eu\/wp-json\/wp\/v2\/pages\/537\/revisions"}],"predecessor-version":[{"id":6101,"href":"https:\/\/www.briscous.fr\/eu\/wp-json\/wp\/v2\/pages\/537\/revisions\/6101"}],"up":[{"embeddable":true,"href":"https:\/\/www.briscous.fr\/eu\/wp-json\/wp\/v2\/pages\/398"}],"wp:attachment":[{"href":"https:\/\/www.briscous.fr\/eu\/wp-json\/wp\/v2\/media?parent=537"}],"curies":[{"name":"wp","href":"https:\/\/api.w.org\/{rel}","templated":true}]}}