{"id":9894,"date":"2021-02-27T10:49:21","date_gmt":"2021-02-27T08:49:21","guid":{"rendered":"https:\/\/www.briscous.fr\/?page_id=9894"},"modified":"2023-07-03T18:51:16","modified_gmt":"2023-07-03T16:51:16","slug":"plan-communal-de-sauvegarde-2","status":"publish","type":"page","link":"https:\/\/www.briscous.fr\/eu\/vie-communale-plan-communal-de-sauvegarde\/plan-communal-de-sauvegarde-2","title":{"rendered":"Plan Communal de Sauvegarde"},"content":{"rendered":"<p class=\"qtranxs-available-languages-message qtranxs-available-languages-message-eu\">D\u00e9sol\u00e9, cet article est seulement disponible en <a href=\"https:\/\/www.briscous.fr\/fr\/wp-json\/wp\/v2\/pages\/9894\" class=\"qtranxs-available-language-link qtranxs-available-language-link-fr\" title=\"Fran\u00e7ais\">Fran\u00e7ais<\/a>.<\/p><p><\/p>\n<p><a href=\"https:\/\/www.briscous.fr\/wp-content\/uploads\/2023\/07\/dicrim_briscous.pdf\" target=\"_blank\" rel=\"noopener\">Plan Communal de Sauvegarde<\/a><\/p>\n<p><\/p>","protected":false},"excerpt":{"rendered":"<p>D\u00e9sol\u00e9, cet article est seulement disponible en Fran\u00e7ais. Plan Communal de Sauvegarde<\/p>\n","protected":false},"author":2,"featured_media":0,"parent":119,"menu_order":8,"comment_status":"closed","ping_status":"closed","template":"","meta":{"_acf_changed":false,"_seopress_robots_primary_cat":"","_seopress_titles_title":"","_seopress_titles_desc":"","_seopress_robots_index":"","footnotes":""},"class_list":["post-9894","page","type-page","status-publish","hentry"],"acf":[],"_links":{"self":[{"href":"https:\/\/www.briscous.fr\/eu\/wp-json\/wp\/v2\/pages\/9894","targetHints":{"allow":["GET"]}}],"collection":[{"href":"https:\/\/www.briscous.fr\/eu\/wp-json\/wp\/v2\/pages"}],"about":[{"href":"https:\/\/www.briscous.fr\/eu\/wp-json\/wp\/v2\/types\/page"}],"author":[{"embeddable":true,"href":"https:\/\/www.briscous.fr\/eu\/wp-json\/wp\/v2\/users\/2"}],"replies":[{"embeddable":true,"href":"https:\/\/www.briscous.fr\/eu\/wp-json\/wp\/v2\/comments?post=9894"}],"version-history":[{"count":2,"href":"https:\/\/www.briscous.fr\/eu\/wp-json\/wp\/v2\/pages\/9894\/revisions"}],"predecessor-version":[{"id":15291,"href":"https:\/\/www.briscous.fr\/eu\/wp-json\/wp\/v2\/pages\/9894\/revisions\/15291"}],"up":[{"embeddable":true,"href":"https:\/\/www.briscous.fr\/eu\/wp-json\/wp\/v2\/pages\/119"}],"wp:attachment":[{"href":"https:\/\/www.briscous.fr\/eu\/wp-json\/wp\/v2\/media?parent=9894"}],"curies":[{"name":"wp","href":"https:\/\/api.w.org\/{rel}","templated":true}]}}